{"id":438,"date":"2024-12-12T17:08:53","date_gmt":"2024-12-12T16:08:53","guid":{"rendered":"https:\/\/c-e-b-a-c.com\/?page_id=438"},"modified":"2025-04-03T17:09:15","modified_gmt":"2025-04-03T15:09:15","slug":"humidite-et-etancheite","status":"publish","type":"page","link":"https:\/\/c-e-b-a-c.com\/index.php\/humidite-et-etancheite\/","title":{"rendered":"HUMIDITE"},"content":{"rendered":"\n\n\n\n\n\n\n\n\n\n\n\n\n\n","protected":false},"excerpt":{"rendered":"","protected":false},"author":1,"featured_media":0,"parent":0,"menu_order":0,"comment_status":"closed","ping_status":"closed","template":"full-width","meta":{"saved_in_kubio":true,"footnotes":""},"class_list":["post-438","page","type-page","status-publish","hentry"],"kubio_ai_page_context":{"short_desc":"","purpose":"general"},"yoast_head":"<!-- This site is optimized with the Yoast SEO plugin v27.3 - https:\/\/yoast.com\/product\/yoast-seo-wordpress\/ -->\n<title>Humidit\u00e9 et \u00e9tanch\u00e9it\u00e9<\/title>\n<meta name=\"description\" content=\"Humidit\u00e9 et \u00e9tanch\u00e9it\u00e9 n\u2019est remarqu\u00e9 qu\u2019apr\u00e8s des d\u00e9g\u00e2ts de grande envergure dont la r\u00e9paration s\u2019av\u00e8re souvent on\u00e9reuse.\" \/>\n<meta name=\"robots\" content=\"index, follow, max-snippet:-1, max-image-preview:large, max-video-preview:-1\" \/>\n<link rel=\"canonical\" href=\"https:\/\/c-e-b-a-c.com\/index.php\/humidite-et-etancheite\/\" \/>\n<meta property=\"og:locale\" content=\"fr_FR\" \/>\n<meta property=\"og:type\" content=\"article\" \/>\n<meta property=\"og:title\" content=\"Humidit\u00e9 et \u00e9tanch\u00e9it\u00e9\" \/>\n<meta property=\"og:description\" content=\"Humidit\u00e9 et \u00e9tanch\u00e9it\u00e9 n\u2019est remarqu\u00e9 qu\u2019apr\u00e8s des d\u00e9g\u00e2ts de grande envergure dont la r\u00e9paration s\u2019av\u00e8re souvent on\u00e9reuse.\" \/>\n<meta property=\"og:url\" content=\"https:\/\/c-e-b-a-c.com\/index.php\/humidite-et-etancheite\/\" \/>\n<meta property=\"og:site_name\" content=\"C.E B&amp;C\" \/>\n<meta property=\"article:modified_time\" content=\"2025-04-03T15:09:15+00:00\" \/>\n<meta name=\"twitter:card\" content=\"summary_large_image\" \/>\n<meta name=\"twitter:label1\" content=\"Dur\u00e9e de lecture estim\u00e9e\" \/>\n\t<meta name=\"twitter:data1\" content=\"4 minutes\" \/>\n<script type=\"application\/ld+json\" class=\"yoast-schema-graph\">{\"@context\":\"https:\\\/\\\/schema.org\",\"@graph\":[{\"@type\":\"WebPage\",\"@id\":\"https:\\\/\\\/c-e-b-a-c.com\\\/index.php\\\/humidite-et-etancheite\\\/\",\"url\":\"https:\\\/\\\/c-e-b-a-c.com\\\/index.php\\\/humidite-et-etancheite\\\/\",\"name\":\"Humidit\u00e9 et \u00e9tanch\u00e9it\u00e9\",\"isPartOf\":{\"@id\":\"https:\\\/\\\/c-e-b-a-c.com\\\/#website\"},\"datePublished\":\"2024-12-12T16:08:53+00:00\",\"dateModified\":\"2025-04-03T15:09:15+00:00\",\"description\":\"Humidit\u00e9 et \u00e9tanch\u00e9it\u00e9 n\u2019est remarqu\u00e9 qu\u2019apr\u00e8s des d\u00e9g\u00e2ts de grande envergure dont la r\u00e9paration s\u2019av\u00e8re souvent on\u00e9reuse.\",\"breadcrumb\":{\"@id\":\"https:\\\/\\\/c-e-b-a-c.com\\\/index.php\\\/humidite-et-etancheite\\\/#breadcrumb\"},\"inLanguage\":\"fr-FR\",\"potentialAction\":[{\"@type\":\"ReadAction\",\"target\":[\"https:\\\/\\\/c-e-b-a-c.com\\\/index.php\\\/humidite-et-etancheite\\\/\"]}]},{\"@type\":\"BreadcrumbList\",\"@id\":\"https:\\\/\\\/c-e-b-a-c.com\\\/index.php\\\/humidite-et-etancheite\\\/#breadcrumb\",\"itemListElement\":[{\"@type\":\"ListItem\",\"position\":1,\"name\":\"Accueil\",\"item\":\"https:\\\/\\\/c-e-b-a-c.com\\\/\"},{\"@type\":\"ListItem\",\"position\":2,\"name\":\"HUMIDITE\"}]},{\"@type\":\"WebSite\",\"@id\":\"https:\\\/\\\/c-e-b-a-c.com\\\/#website\",\"url\":\"https:\\\/\\\/c-e-b-a-c.com\\\/\",\"name\":\"c.e b&c\",\"description\":\"UN EXPERT EN TOUTE IMPARTIALITE..\",\"publisher\":{\"@id\":\"https:\\\/\\\/c-e-b-a-c.com\\\/#organization\"},\"potentialAction\":[{\"@type\":\"SearchAction\",\"target\":{\"@type\":\"EntryPoint\",\"urlTemplate\":\"https:\\\/\\\/c-e-b-a-c.com\\\/?s={search_term_string}\"},\"query-input\":{\"@type\":\"PropertyValueSpecification\",\"valueRequired\":true,\"valueName\":\"search_term_string\"}}],\"inLanguage\":\"fr-FR\"},{\"@type\":\"Organization\",\"@id\":\"https:\\\/\\\/c-e-b-a-c.com\\\/#organization\",\"name\":\"c.e b&c\",\"url\":\"https:\\\/\\\/c-e-b-a-c.com\\\/\",\"logo\":{\"@type\":\"ImageObject\",\"inLanguage\":\"fr-FR\",\"@id\":\"https:\\\/\\\/c-e-b-a-c.com\\\/#\\\/schema\\\/logo\\\/image\\\/\",\"url\":\"https:\\\/\\\/c-e-b-a-c.com\\\/wp-content\\\/uploads\\\/2024\\\/08\\\/cropped-LOGO-CEBC1.jpg\",\"contentUrl\":\"https:\\\/\\\/c-e-b-a-c.com\\\/wp-content\\\/uploads\\\/2024\\\/08\\\/cropped-LOGO-CEBC1.jpg\",\"width\":512,\"height\":512,\"caption\":\"c.e b&c\"},\"image\":{\"@id\":\"https:\\\/\\\/c-e-b-a-c.com\\\/#\\\/schema\\\/logo\\\/image\\\/\"}}]}<\/script>\n<!-- \/ Yoast SEO plugin. -->","yoast_head_json":{"title":"Humidit\u00e9 et \u00e9tanch\u00e9it\u00e9","description":"Humidit\u00e9 et \u00e9tanch\u00e9it\u00e9 n\u2019est remarqu\u00e9 qu\u2019apr\u00e8s des d\u00e9g\u00e2ts de grande envergure dont la r\u00e9paration s\u2019av\u00e8re souvent on\u00e9reuse.","robots":{"index":"index","follow":"follow","max-snippet":"max-snippet:-1","max-image-preview":"max-image-preview:large","max-video-preview":"max-video-preview:-1"},"canonical":"https:\/\/c-e-b-a-c.com\/index.php\/humidite-et-etancheite\/","og_locale":"fr_FR","og_type":"article","og_title":"Humidit\u00e9 et \u00e9tanch\u00e9it\u00e9","og_description":"Humidit\u00e9 et \u00e9tanch\u00e9it\u00e9 n\u2019est remarqu\u00e9 qu\u2019apr\u00e8s des d\u00e9g\u00e2ts de grande envergure dont la r\u00e9paration s\u2019av\u00e8re souvent on\u00e9reuse.","og_url":"https:\/\/c-e-b-a-c.com\/index.php\/humidite-et-etancheite\/","og_site_name":"C.E B&amp;C","article_modified_time":"2025-04-03T15:09:15+00:00","twitter_card":"summary_large_image","twitter_misc":{"Dur\u00e9e de lecture estim\u00e9e":"4 minutes"},"schema":{"@context":"https:\/\/schema.org","@graph":[{"@type":"WebPage","@id":"https:\/\/c-e-b-a-c.com\/index.php\/humidite-et-etancheite\/","url":"https:\/\/c-e-b-a-c.com\/index.php\/humidite-et-etancheite\/","name":"Humidit\u00e9 et \u00e9tanch\u00e9it\u00e9","isPartOf":{"@id":"https:\/\/c-e-b-a-c.com\/#website"},"datePublished":"2024-12-12T16:08:53+00:00","dateModified":"2025-04-03T15:09:15+00:00","description":"Humidit\u00e9 et \u00e9tanch\u00e9it\u00e9 n\u2019est remarqu\u00e9 qu\u2019apr\u00e8s des d\u00e9g\u00e2ts de grande envergure dont la r\u00e9paration s\u2019av\u00e8re souvent on\u00e9reuse.","breadcrumb":{"@id":"https:\/\/c-e-b-a-c.com\/index.php\/humidite-et-etancheite\/#breadcrumb"},"inLanguage":"fr-FR","potentialAction":[{"@type":"ReadAction","target":["https:\/\/c-e-b-a-c.com\/index.php\/humidite-et-etancheite\/"]}]},{"@type":"BreadcrumbList","@id":"https:\/\/c-e-b-a-c.com\/index.php\/humidite-et-etancheite\/#breadcrumb","itemListElement":[{"@type":"ListItem","position":1,"name":"Accueil","item":"https:\/\/c-e-b-a-c.com\/"},{"@type":"ListItem","position":2,"name":"HUMIDITE"}]},{"@type":"WebSite","@id":"https:\/\/c-e-b-a-c.com\/#website","url":"https:\/\/c-e-b-a-c.com\/","name":"c.e b&c","description":"UN EXPERT EN TOUTE IMPARTIALITE..","publisher":{"@id":"https:\/\/c-e-b-a-c.com\/#organization"},"potentialAction":[{"@type":"SearchAction","target":{"@type":"EntryPoint","urlTemplate":"https:\/\/c-e-b-a-c.com\/?s={search_term_string}"},"query-input":{"@type":"PropertyValueSpecification","valueRequired":true,"valueName":"search_term_string"}}],"inLanguage":"fr-FR"},{"@type":"Organization","@id":"https:\/\/c-e-b-a-c.com\/#organization","name":"c.e b&c","url":"https:\/\/c-e-b-a-c.com\/","logo":{"@type":"ImageObject","inLanguage":"fr-FR","@id":"https:\/\/c-e-b-a-c.com\/#\/schema\/logo\/image\/","url":"https:\/\/c-e-b-a-c.com\/wp-content\/uploads\/2024\/08\/cropped-LOGO-CEBC1.jpg","contentUrl":"https:\/\/c-e-b-a-c.com\/wp-content\/uploads\/2024\/08\/cropped-LOGO-CEBC1.jpg","width":512,"height":512,"caption":"c.e b&c"},"image":{"@id":"https:\/\/c-e-b-a-c.com\/#\/schema\/logo\/image\/"}}]}},"_links":{"self":[{"href":"https:\/\/c-e-b-a-c.com\/index.php\/wp-json\/wp\/v2\/pages\/438","targetHints":{"allow":["GET"]}}],"collection":[{"href":"https:\/\/c-e-b-a-c.com\/index.php\/wp-json\/wp\/v2\/pages"}],"about":[{"href":"https:\/\/c-e-b-a-c.com\/index.php\/wp-json\/wp\/v2\/types\/page"}],"author":[{"embeddable":true,"href":"https:\/\/c-e-b-a-c.com\/index.php\/wp-json\/wp\/v2\/users\/1"}],"replies":[{"embeddable":true,"href":"https:\/\/c-e-b-a-c.com\/index.php\/wp-json\/wp\/v2\/comments?post=438"}],"version-history":[{"count":6,"href":"https:\/\/c-e-b-a-c.com\/index.php\/wp-json\/wp\/v2\/pages\/438\/revisions"}],"predecessor-version":[{"id":674,"href":"https:\/\/c-e-b-a-c.com\/index.php\/wp-json\/wp\/v2\/pages\/438\/revisions\/674"}],"wp:attachment":[{"href":"https:\/\/c-e-b-a-c.com\/index.php\/wp-json\/wp\/v2\/media?parent=438"}],"curies":[{"name":"wp","href":"https:\/\/api.w.org\/{rel}","templated":true}]}}