{"id":364,"date":"2024-10-02T15:19:27","date_gmt":"2024-10-02T13:19:27","guid":{"rendered":"https:\/\/c-e-b-a-c.com\/?page_id=364"},"modified":"2025-04-03T16:00:36","modified_gmt":"2025-04-03T14:00:36","slug":"audit-energetique-de-maison-individuel","status":"publish","type":"page","link":"https:\/\/c-e-b-a-c.com\/index.php\/audit-energetique-de-maison-individuel\/","title":{"rendered":"Audit \u00e9nerg\u00e9tique maisons alpes maritimes"},"content":{"rendered":"\n\n\n\n\n\n\n\n\n<div class=\"wp-block-cover alignfull\" style=\"padding-top:0;padding-bottom:0;min-height:800px;aspect-ratio:unset;\"><span aria-hidden=\"true\" class=\"wp-block-cover__background has-kubio-color-6-background-color has-background-dim-90 has-background-dim\"><\/span><img loading=\"lazy\" decoding=\"async\" width=\"1792\" height=\"1024\" sizes=\"(max-width: 1792px) 100vw, 1792px\" class=\"wp-block-cover__image-background wp-image-523\" alt=\"valeur venal\" src=\"https:\/\/c-e-b-a-c.com\/wp-content\/uploads\/2025\/03\/image_2025-03-22_200658419.png\" data-object-fit=\"cover\" srcset=\"https:\/\/c-e-b-a-c.com\/wp-content\/uploads\/2025\/03\/image_2025-03-22_200658419.png 1792w, https:\/\/c-e-b-a-c.com\/wp-content\/uploads\/2025\/03\/image_2025-03-22_200658419-300x171.png 300w, https:\/\/c-e-b-a-c.com\/wp-content\/uploads\/2025\/03\/image_2025-03-22_200658419-1024x585.png 1024w, https:\/\/c-e-b-a-c.com\/wp-content\/uploads\/2025\/03\/image_2025-03-22_200658419-768x439.png 768w, https:\/\/c-e-b-a-c.com\/wp-content\/uploads\/2025\/03\/image_2025-03-22_200658419-1536x878.png 1536w\" \/><div class=\"wp-block-cover__inner-container is-layout-flow wp-container-core-cover-is-layout-92c44e9e wp-block-cover-is-layout-flow\">\n<h2 class=\"wp-block-heading alignwide has-text-color\" style=\"color:#ffe074;font-size:64px\">AUDIT ENERGETIQUE<\/h2>\n\n\n\n<div class=\"wp-block-columns alignwide is-layout-flex wp-container-core-columns-is-layout-28f84493 wp-block-columns-is-layout-flex\">\n<div class=\"wp-block-column is-layout-flow wp-block-column-is-layout-flow\" style=\"flex-basis:55%\">\n<p class=\"has-text-color\" style=\"color:#ffe074;font-size:12px;line-height:1.3\">Actions imm\u00e9diates (Investissement nul et gains rapides)<\/p>\n\n\n\n<ul class=\"wp-block-list\">\n<li>Chasse aux fuites et au gaspillage (air comprim\u00e9, vapeur, eau, vide\u2026)&nbsp;;<\/li>\n\n\n\n<li>R\u00e9glages (talons de consommation, programmation, r\u00e9gulation, entretien\u2026) ;<\/li>\n\n\n\n<li>Ajustements de contrats d\u2019\u00e9nergies\u2026<\/li>\n<\/ul>\n\n\n\n<ol start=\"2\" class=\"wp-block-list\">\n<li>Actions prioritaires (Investissement faible et gains importants)<\/li>\n<\/ol>\n\n\n\n<ul class=\"wp-block-list\">\n<li>Optimisation d\u2019installations (relamping, isolation, sous-comptage\u2026)<\/li>\n\n\n\n<li>Renouvellement de pi\u00e8ces<\/li>\n\n\n\n<li>Maintenance\u2026<\/li>\n<\/ul>\n\n\n\n<ol start=\"3\" class=\"wp-block-list\">\n<li>Actions vertueuses (Investissement important et gains sur le long terme)<\/li>\n<\/ol>\n\n\n\n<p class=\"has-text-color\" style=\"color:#ffe074;font-size:12px;line-height:1.3\">Opportunit\u00e9s de mise en place d\u2019\u00e9nergies renouvelables\u2026<\/p>\n\n\n\n<p>Modification de process<\/p>\n\n\n\n<p>R\u00e9fections des moyens ainsi que de production de chaleur\/froid<\/p>\n<\/div>\n\n\n\n<div class=\"wp-block-column is-layout-flow wp-block-column-is-layout-flow\"><\/div>\n<\/div>\n<\/div><\/div>\n\n\n\n\n","protected":false},"excerpt":{"rendered":"","protected":false},"author":1,"featured_media":0,"parent":0,"menu_order":0,"comment_status":"closed","ping_status":"closed","template":"full-width","meta":{"saved_in_kubio":true,"footnotes":""},"class_list":["post-364","page","type-page","status-publish","hentry"],"kubio_ai_page_context":{"short_desc":"","purpose":"general"},"yoast_head":"<!-- This site is optimized with the Yoast SEO plugin v27.5 - https:\/\/yoast.com\/product\/yoast-seo-wordpress\/ -->\n<title>Audit \u00e9nerg\u00e9tique maisons alpes maritimes personnalisable<\/title>\n<meta name=\"description\" content=\"Audit \u00e9nerg\u00e9tique de maisons alpes maritimes personnalisable et dans toute la France sous devis et sous 48h\" \/>\n<meta name=\"robots\" content=\"index, follow, max-snippet:-1, max-image-preview:large, max-video-preview:-1\" \/>\n<link rel=\"canonical\" href=\"https:\/\/c-e-b-a-c.com\/index.php\/audit-energetique-de-maison-individuel\/\" \/>\n<meta property=\"og:locale\" content=\"fr_FR\" \/>\n<meta property=\"og:type\" content=\"article\" \/>\n<meta property=\"og:title\" content=\"Audit \u00e9nerg\u00e9tique maisons alpes maritimes personnalisable\" \/>\n<meta property=\"og:description\" content=\"Audit \u00e9nerg\u00e9tique de maisons alpes maritimes personnalisable et dans toute la France sous devis et sous 48h\" \/>\n<meta property=\"og:url\" content=\"https:\/\/c-e-b-a-c.com\/index.php\/audit-energetique-de-maison-individuel\/\" \/>\n<meta property=\"og:site_name\" content=\"C.E B&amp;C\" \/>\n<meta property=\"article:modified_time\" content=\"2025-04-03T14:00:36+00:00\" \/>\n<meta property=\"og:image\" content=\"https:\/\/c-e-b-a-c.com\/wp-content\/uploads\/2025\/03\/image_2025-03-22_200658419-1024x585.png\" \/>\n\t<meta property=\"og:image:width\" content=\"1024\" \/>\n\t<meta property=\"og:image:height\" content=\"585\" \/>\n\t<meta property=\"og:image:type\" content=\"image\/png\" \/>\n<meta name=\"twitter:card\" content=\"summary_large_image\" \/>\n<meta name=\"twitter:label1\" content=\"Dur\u00e9e de lecture estim\u00e9e\" \/>\n\t<meta name=\"twitter:data1\" content=\"4 minutes\" \/>\n<script type=\"application\/ld+json\" class=\"yoast-schema-graph\">{\"@context\":\"https:\\\/\\\/schema.org\",\"@graph\":[{\"@type\":\"WebPage\",\"@id\":\"https:\\\/\\\/c-e-b-a-c.com\\\/index.php\\\/audit-energetique-de-maison-individuel\\\/\",\"url\":\"https:\\\/\\\/c-e-b-a-c.com\\\/index.php\\\/audit-energetique-de-maison-individuel\\\/\",\"name\":\"Audit \u00e9nerg\u00e9tique maisons alpes maritimes personnalisable\",\"isPartOf\":{\"@id\":\"https:\\\/\\\/c-e-b-a-c.com\\\/#website\"},\"primaryImageOfPage\":{\"@id\":\"https:\\\/\\\/c-e-b-a-c.com\\\/index.php\\\/audit-energetique-de-maison-individuel\\\/#primaryimage\"},\"image\":{\"@id\":\"https:\\\/\\\/c-e-b-a-c.com\\\/index.php\\\/audit-energetique-de-maison-individuel\\\/#primaryimage\"},\"thumbnailUrl\":\"https:\\\/\\\/c-e-b-a-c.com\\\/wp-content\\\/uploads\\\/2025\\\/03\\\/image_2025-03-22_200658419.png\",\"datePublished\":\"2024-10-02T13:19:27+00:00\",\"dateModified\":\"2025-04-03T14:00:36+00:00\",\"description\":\"Audit \u00e9nerg\u00e9tique de maisons alpes maritimes personnalisable et dans toute la France sous devis et sous 48h\",\"breadcrumb\":{\"@id\":\"https:\\\/\\\/c-e-b-a-c.com\\\/index.php\\\/audit-energetique-de-maison-individuel\\\/#breadcrumb\"},\"inLanguage\":\"fr-FR\",\"potentialAction\":[{\"@type\":\"ReadAction\",\"target\":[\"https:\\\/\\\/c-e-b-a-c.com\\\/index.php\\\/audit-energetique-de-maison-individuel\\\/\"]}]},{\"@type\":\"ImageObject\",\"inLanguage\":\"fr-FR\",\"@id\":\"https:\\\/\\\/c-e-b-a-c.com\\\/index.php\\\/audit-energetique-de-maison-individuel\\\/#primaryimage\",\"url\":\"https:\\\/\\\/c-e-b-a-c.com\\\/wp-content\\\/uploads\\\/2025\\\/03\\\/image_2025-03-22_200658419.png\",\"contentUrl\":\"https:\\\/\\\/c-e-b-a-c.com\\\/wp-content\\\/uploads\\\/2025\\\/03\\\/image_2025-03-22_200658419.png\",\"width\":1792,\"height\":1024,\"caption\":\"valeur venal\"},{\"@type\":\"BreadcrumbList\",\"@id\":\"https:\\\/\\\/c-e-b-a-c.com\\\/index.php\\\/audit-energetique-de-maison-individuel\\\/#breadcrumb\",\"itemListElement\":[{\"@type\":\"ListItem\",\"position\":1,\"name\":\"Accueil\",\"item\":\"https:\\\/\\\/c-e-b-a-c.com\\\/\"},{\"@type\":\"ListItem\",\"position\":2,\"name\":\"Audit \u00e9nerg\u00e9tique maisons alpes maritimes\"}]},{\"@type\":\"WebSite\",\"@id\":\"https:\\\/\\\/c-e-b-a-c.com\\\/#website\",\"url\":\"https:\\\/\\\/c-e-b-a-c.com\\\/\",\"name\":\"c.e b&c\",\"description\":\"UN EXPERT EN TOUTE IMPARTIALITE..\",\"publisher\":{\"@id\":\"https:\\\/\\\/c-e-b-a-c.com\\\/#organization\"},\"potentialAction\":[{\"@type\":\"SearchAction\",\"target\":{\"@type\":\"EntryPoint\",\"urlTemplate\":\"https:\\\/\\\/c-e-b-a-c.com\\\/?s={search_term_string}\"},\"query-input\":{\"@type\":\"PropertyValueSpecification\",\"valueRequired\":true,\"valueName\":\"search_term_string\"}}],\"inLanguage\":\"fr-FR\"},{\"@type\":\"Organization\",\"@id\":\"https:\\\/\\\/c-e-b-a-c.com\\\/#organization\",\"name\":\"c.e b&c\",\"url\":\"https:\\\/\\\/c-e-b-a-c.com\\\/\",\"logo\":{\"@type\":\"ImageObject\",\"inLanguage\":\"fr-FR\",\"@id\":\"https:\\\/\\\/c-e-b-a-c.com\\\/#\\\/schema\\\/logo\\\/image\\\/\",\"url\":\"https:\\\/\\\/c-e-b-a-c.com\\\/wp-content\\\/uploads\\\/2024\\\/08\\\/cropped-LOGO-CEBC1.jpg\",\"contentUrl\":\"https:\\\/\\\/c-e-b-a-c.com\\\/wp-content\\\/uploads\\\/2024\\\/08\\\/cropped-LOGO-CEBC1.jpg\",\"width\":512,\"height\":512,\"caption\":\"c.e b&c\"},\"image\":{\"@id\":\"https:\\\/\\\/c-e-b-a-c.com\\\/#\\\/schema\\\/logo\\\/image\\\/\"}}]}<\/script>\n<!-- \/ Yoast SEO plugin. -->","yoast_head_json":{"title":"Audit \u00e9nerg\u00e9tique maisons alpes maritimes personnalisable","description":"Audit \u00e9nerg\u00e9tique de maisons alpes maritimes personnalisable et dans toute la France sous devis et sous 48h","robots":{"index":"index","follow":"follow","max-snippet":"max-snippet:-1","max-image-preview":"max-image-preview:large","max-video-preview":"max-video-preview:-1"},"canonical":"https:\/\/c-e-b-a-c.com\/index.php\/audit-energetique-de-maison-individuel\/","og_locale":"fr_FR","og_type":"article","og_title":"Audit \u00e9nerg\u00e9tique maisons alpes maritimes personnalisable","og_description":"Audit \u00e9nerg\u00e9tique de maisons alpes maritimes personnalisable et dans toute la France sous devis et sous 48h","og_url":"https:\/\/c-e-b-a-c.com\/index.php\/audit-energetique-de-maison-individuel\/","og_site_name":"C.E B&amp;C","article_modified_time":"2025-04-03T14:00:36+00:00","og_image":[{"width":1024,"height":585,"url":"https:\/\/c-e-b-a-c.com\/wp-content\/uploads\/2025\/03\/image_2025-03-22_200658419-1024x585.png","type":"image\/png"}],"twitter_card":"summary_large_image","twitter_misc":{"Dur\u00e9e de lecture estim\u00e9e":"4 minutes"},"schema":{"@context":"https:\/\/schema.org","@graph":[{"@type":"WebPage","@id":"https:\/\/c-e-b-a-c.com\/index.php\/audit-energetique-de-maison-individuel\/","url":"https:\/\/c-e-b-a-c.com\/index.php\/audit-energetique-de-maison-individuel\/","name":"Audit \u00e9nerg\u00e9tique maisons alpes maritimes personnalisable","isPartOf":{"@id":"https:\/\/c-e-b-a-c.com\/#website"},"primaryImageOfPage":{"@id":"https:\/\/c-e-b-a-c.com\/index.php\/audit-energetique-de-maison-individuel\/#primaryimage"},"image":{"@id":"https:\/\/c-e-b-a-c.com\/index.php\/audit-energetique-de-maison-individuel\/#primaryimage"},"thumbnailUrl":"https:\/\/c-e-b-a-c.com\/wp-content\/uploads\/2025\/03\/image_2025-03-22_200658419.png","datePublished":"2024-10-02T13:19:27+00:00","dateModified":"2025-04-03T14:00:36+00:00","description":"Audit \u00e9nerg\u00e9tique de maisons alpes maritimes personnalisable et dans toute la France sous devis et sous 48h","breadcrumb":{"@id":"https:\/\/c-e-b-a-c.com\/index.php\/audit-energetique-de-maison-individuel\/#breadcrumb"},"inLanguage":"fr-FR","potentialAction":[{"@type":"ReadAction","target":["https:\/\/c-e-b-a-c.com\/index.php\/audit-energetique-de-maison-individuel\/"]}]},{"@type":"ImageObject","inLanguage":"fr-FR","@id":"https:\/\/c-e-b-a-c.com\/index.php\/audit-energetique-de-maison-individuel\/#primaryimage","url":"https:\/\/c-e-b-a-c.com\/wp-content\/uploads\/2025\/03\/image_2025-03-22_200658419.png","contentUrl":"https:\/\/c-e-b-a-c.com\/wp-content\/uploads\/2025\/03\/image_2025-03-22_200658419.png","width":1792,"height":1024,"caption":"valeur venal"},{"@type":"BreadcrumbList","@id":"https:\/\/c-e-b-a-c.com\/index.php\/audit-energetique-de-maison-individuel\/#breadcrumb","itemListElement":[{"@type":"ListItem","position":1,"name":"Accueil","item":"https:\/\/c-e-b-a-c.com\/"},{"@type":"ListItem","position":2,"name":"Audit \u00e9nerg\u00e9tique maisons alpes maritimes"}]},{"@type":"WebSite","@id":"https:\/\/c-e-b-a-c.com\/#website","url":"https:\/\/c-e-b-a-c.com\/","name":"c.e b&c","description":"UN EXPERT EN TOUTE IMPARTIALITE..","publisher":{"@id":"https:\/\/c-e-b-a-c.com\/#organization"},"potentialAction":[{"@type":"SearchAction","target":{"@type":"EntryPoint","urlTemplate":"https:\/\/c-e-b-a-c.com\/?s={search_term_string}"},"query-input":{"@type":"PropertyValueSpecification","valueRequired":true,"valueName":"search_term_string"}}],"inLanguage":"fr-FR"},{"@type":"Organization","@id":"https:\/\/c-e-b-a-c.com\/#organization","name":"c.e b&c","url":"https:\/\/c-e-b-a-c.com\/","logo":{"@type":"ImageObject","inLanguage":"fr-FR","@id":"https:\/\/c-e-b-a-c.com\/#\/schema\/logo\/image\/","url":"https:\/\/c-e-b-a-c.com\/wp-content\/uploads\/2024\/08\/cropped-LOGO-CEBC1.jpg","contentUrl":"https:\/\/c-e-b-a-c.com\/wp-content\/uploads\/2024\/08\/cropped-LOGO-CEBC1.jpg","width":512,"height":512,"caption":"c.e b&c"},"image":{"@id":"https:\/\/c-e-b-a-c.com\/#\/schema\/logo\/image\/"}}]}},"_links":{"self":[{"href":"https:\/\/c-e-b-a-c.com\/index.php\/wp-json\/wp\/v2\/pages\/364","targetHints":{"allow":["GET"]}}],"collection":[{"href":"https:\/\/c-e-b-a-c.com\/index.php\/wp-json\/wp\/v2\/pages"}],"about":[{"href":"https:\/\/c-e-b-a-c.com\/index.php\/wp-json\/wp\/v2\/types\/page"}],"author":[{"embeddable":true,"href":"https:\/\/c-e-b-a-c.com\/index.php\/wp-json\/wp\/v2\/users\/1"}],"replies":[{"embeddable":true,"href":"https:\/\/c-e-b-a-c.com\/index.php\/wp-json\/wp\/v2\/comments?post=364"}],"version-history":[{"count":14,"href":"https:\/\/c-e-b-a-c.com\/index.php\/wp-json\/wp\/v2\/pages\/364\/revisions"}],"predecessor-version":[{"id":660,"href":"https:\/\/c-e-b-a-c.com\/index.php\/wp-json\/wp\/v2\/pages\/364\/revisions\/660"}],"wp:attachment":[{"href":"https:\/\/c-e-b-a-c.com\/index.php\/wp-json\/wp\/v2\/media?parent=364"}],"curies":[{"name":"wp","href":"https:\/\/api.w.org\/{rel}","templated":true}]}}